{"id":103,"date":"2014-09-28T18:57:31","date_gmt":"2014-09-28T16:57:31","guid":{"rendered":"http:\/\/ikma.de\/?page_id=103"},"modified":"2018-05-26T19:09:49","modified_gmt":"2018-05-26T17:09:49","slug":"impressum","status":"publish","type":"page","link":"https:\/\/ikma.de\/?page_id=103","title":{"rendered":"Impressum und Grunds\u00e4tzliches"},"content":{"rendered":"<h2>Impressum<\/h2>\n<p>Thomas H\u00f6lting<\/p>\n<p>Gehrenbachstra\u00dfe 9<br \/>\n58239 Schwerte<\/p>\n<p>Telefon: 01758247755<\/p>\n<p>E-Mail: <a href=\"mailto:info@ikma.de\"><span style=\"text-decoration: underline;\"><span style=\"color: #0066cc;\">info@ikma.de<\/span><\/span><\/a><\/p>\n<p><strong>Verantwortlich f\u00fcr den Inhalt<\/strong> (gem. \u00a7 55 Abs. 2 RStV):<br \/>\nThomas H\u00f6lting, Gehrenbachstra\u00dfe 9,\u00a0 58239 Schwerte<\/p>\n<h2>Disclaimer \u2013 rechtliche Hinweise<\/h2>\n<p>\u00a7 1 Haftungsbeschr\u00e4nkung<\/p>\n<p>Die Inhalte dieser Website werden mit gr\u00f6\u00dftm\u00f6glicher Sorgfalt erstellt. Der<br \/>\nAnbieter \u00fcbernimmt jedoch keine Gew\u00e4hr f\u00fcr die Richtigkeit, Vollst\u00e4ndigkeit<br \/>\nund Aktualit\u00e4t der bereitgestellten Inhalte. Die Nutzung der Inhalte der<br \/>\nWebsite erfolgt auf eigene Gefahr des Nutzers. Namentlich gekennzeichnete<br \/>\nBeitr\u00e4ge geben die Meinung des jeweiligen Autors und nicht immer die Meinung<br \/>\ndes Anbieters wieder. Mit der reinen Nutzung der Website des Anbieters kommt<br \/>\nkeinerlei Vertragsverh\u00e4ltnis zwischen dem Nutzer und dem Anbieter zustande.<\/p>\n<p>\u00a7 2 Externe Links<\/p>\n<p>Diese Website enth\u00e4lt Verkn\u00fcpfungen zu Websites Dritter (&#8222;externe Links&#8220;).<br \/>\nDiese Websites unterliegen der Haftung der jeweiligen Betreiber. Der<br \/>\nAnbieter hat bei der erstmaligen Verkn\u00fcpfung der externen Links die fremden<br \/>\nInhalte daraufhin \u00fcberpr\u00fcft, ob etwaige Rechtsverst\u00f6\u00dfe bestehen. Zu dem<br \/>\nZeitpunkt waren keine Rechtsverst\u00f6\u00dfe ersichtlich. Der Anbieter hat keinerlei<br \/>\nEinfluss auf die aktuelle und zuk\u00fcnftige Gestaltung und auf die Inhalte der<br \/>\nverkn\u00fcpften Seiten. Das Setzen von externen Links bedeutet nicht, dass sich<br \/>\nder Anbieter die hinter dem Verweis oder Link liegenden Inhalte zu Eigen<br \/>\nmacht. Eine st\u00e4ndige Kontrolle der externen Links ist f\u00fcr den Anbieter ohne<br \/>\nkonkrete Hinweise auf Rechtsverst\u00f6\u00dfe nicht zumutbar. Bei Kenntnis von<br \/>\nRechtsverst\u00f6\u00dfen werden jedoch derartige externe Links unverz\u00fcglich gel\u00f6scht.<\/p>\n<p>\u00a7 3 Urheber- und Leistungsschutzrechte<\/p>\n<p>Die auf dieser Website ver\u00f6ffentlichten Inhalte unterliegen dem deutschen<br \/>\nUrheber- und Leistungsschutzrecht. Jede vom deutschen Urheber- und<br \/>\nLeistungsschutzrecht nicht zugelassene Verwertung bedarf der vorherigen<br \/>\nschriftlichen Zustimmung des Anbieters oder jeweiligen Rechteinhabers. Dies<br \/>\ngilt insbesondere f\u00fcr Vervielf\u00e4ltigung, Bearbeitung, \u00dcbersetzung,<br \/>\nEinspeicherung, Verarbeitung bzw. Wiedergabe von Inhalten in Datenbanken<br \/>\noder anderen elektronischen Medien und Systemen. Inhalte und Rechte Dritter<br \/>\nsind dabei als solche gekennzeichnet. Die unerlaubte Vervielf\u00e4ltigung oder<br \/>\nWeitergabe einzelner Inhalte oder kompletter Seiten ist nicht gestattet und<br \/>\nstrafbar. Lediglich die Herstellung von Kopien und Downloads f\u00fcr den<br \/>\npers\u00f6nlichen, privaten und nicht kommerziellen Gebrauch ist erlaubt.<\/p>\n<p>Die Darstellung dieser Website in fremden Frames ist nur mit schriftlicher<br \/>\nErlaubnis zul\u00e4ssig.<\/p>\n<p>\u00a7 4 Besondere Nutzungsbedingungen<\/p>\n<p>Soweit besondere Bedingungen f\u00fcr einzelne Nutzungen dieser Website von den<br \/>\nvorgenannten Paragraphen abweichen, wird an entsprechender Stelle<br \/>\nausdr\u00fccklich darauf hingewiesen. In diesem Falle gelten im jeweiligen<br \/>\nEinzelfall die besonderen Nutzungsbedingungen.<\/p>\n<p>Quelle: <a href=\"http:\/\/www.juraforum.de\/impressum-generator\/\"><span style=\"text-decoration: underline;\"><span style=\"color: #0066cc;\">juraforum.de<\/span><\/span><\/a> und <a href=\"http:\/\/www.juraforum.de\/rechtsanwalt\/anwalt-dortmund\/\"><span style=\"text-decoration: underline;\"><span style=\"color: #0066cc;\">jetzt<\/span><\/span><\/a> einen Rechtsanwalt in Ihrer N\u00e4he finden.<\/p>\n<h2>Datenschutzerkl\u00e4rung:<\/h2>\n<p><strong>Datenschutz<\/strong><br \/>\nNachfolgend m\u00f6chten wir Sie \u00fcber unsere Datenschutzerkl\u00e4rung informieren. Sie finden hier Informationen \u00fcber die Erhebung und Verwendung pers\u00f6nlicher Daten bei der Nutzung unserer Webseite. Wir beachten dabei das f\u00fcr Deutschland geltende Datenschutzrecht. Sie k\u00f6nnen diese Erkl\u00e4rung jederzeit auf unserer Webseite abrufen.<\/p>\n<p>Wir weisen ausdr\u00fccklich darauf hin, dass die Daten\u00fcbertragung im Internet (z.B. bei der Kommunikation per E-Mail) Sicherheitsl\u00fccken aufweisen und nicht l\u00fcckenlos vor dem Zugriff durch Dritte gesch\u00fctzt werden kann.<\/p>\n<p>Die Verwendung der Kontaktdaten unseres Impressums zur gewerblichen Werbung ist ausdr\u00fccklich nicht erw\u00fcnscht, es sei denn wir hatten zuvor unsere schriftliche Einwilligung erteilt oder es besteht bereits eine Gesch\u00e4ftsbeziehung. Der Anbieter und alle auf dieser Website genannten Personen widersprechen hiermit jeder kommerziellen Verwendung und Weitergabe ihrer Daten.<\/p>\n<p><strong>Personenbezogene Daten<\/strong><\/p>\n<p>Sie k\u00f6nnen unsere Webseite ohne Angabe personenbezogener Daten besuchen. Soweit auf unseren Seiten personenbezogene Daten (wie Name, Anschrift oder E-Mail Adresse) erhoben werden, erfolgt dies, soweit m\u00f6glich, auf freiwilliger Basis. Diese Daten werden ohne Ihre ausdr\u00fcckliche Zustimmung nicht an Dritte weitergegeben. Sofern zwischen Ihnen und uns ein Vertragsverh\u00e4ltnis begr\u00fcndet, inhaltlich ausgestaltet oder ge\u00e4ndert werden soll oder Sie an uns eine Anfrage stellen, erheben und verwenden wir personenbezogene Daten von Ihnen, soweit dies zu diesen Zwecken erforderlich ist (Bestandsdaten). Wir erheben, verarbeiten und nutzen personenbezogene Daten soweit dies erforderlich ist, um Ihnen die Inanspruchnahme des Webangebots zu erm\u00f6glichen (Nutzungsdaten). S\u00e4mtliche personenbezogenen Daten werden nur solange gespeichert wie dies f\u00fcr den geannten Zweck (Bearbeitung Ihrer Anfrage oder Abwicklung eines Vertrags) erforderlich ist. Hierbei werden steuer- und handelsrechtliche Aufbewahrungsfristen ber\u00fccksichtigt. Auf Anordnung der zust\u00e4ndigen Stellen d\u00fcrfen wir im Einzelfall Auskunft \u00fcber diese Daten (Bestandsdaten) erteilen, soweit dies f\u00fcr Zwecke der Strafverfolgung, zur Gefahrenabwehr, zur Erf\u00fcllung der gesetzlichen Aufgaben der Verfassungsschutzbeh\u00f6rden oder des Milit\u00e4rischen Abschirmdienstes oder zur Durchsetzung der Rechte am geistigen Eigentum erforderlich ist.<\/p>\n<p><strong>Kommentarfunktionen<\/strong><\/p>\n<p>Im Rahmen der Kommentarfunktion erheben wir personenbezogene Daten (z.B. Name, E-Mail) im Rahmen Ihrer Kommentierung zu einem Beitrag nur in dem Umfang wie Sie ihn uns mitgeteilt haben. Bei der Ver\u00f6ffentlichung eines Kommentars wird die von Ihnen angegebene Email-Adresse gespeichert, aber nicht ver\u00f6ffentlicht. Ihr Name wird ver\u00f6ffentlich, wenn Sie nicht unter Pseudonym geschrieben haben.<\/p>\n<p><strong>Datenschutzerkl\u00e4rung f\u00fcr das Facebook-Plugin (\u201eGef\u00e4llt mir\u201c)<\/strong><\/p>\n<p>Diese Webseite nutzt Plugins des Anbieters Facebook.com, welche durch das Unternehmen Facebook Inc., 1601 S. California Avenue, Palo Alto, CA 94304 in den USA bereitgestellt werden. Nutzer unserer Webseite, auf der das Facebook-Plugin (\u201eGef\u00e4llt mir\u201c-Button) installiert ist, werden hiermit darauf hingewiesen, dass durch das Plugin eine Verbindung zu Facebook aufgebaut wird, wodurch eine \u00dcbermittlung an Ihren Browser durchgef\u00fchrt wird, damit das Plugin auf der Webseite erscheint.<\/p>\n<p>Des Weiteren werden durch die Nutzung Daten an die Facebook-Server weitergeleitet, welche Informationen \u00fcber Ihre Webseitenbesuche auf unserer Homepage enthalten. Dies hat f\u00fcr eingeloggte Facebook-Nutzer zur Folge, dass die Nutzungsdaten Ihrem pers\u00f6nlichen Facebook-Account zugeordnet werden.<\/p>\n<p>Sobald Sie als eingeloggter Facebook-Nutzer aktiv das Facebook-Plugin nutzen (z.B. durch das Klicken auf den \u201eGef\u00e4llt mir\u201c Knopf oder die Nutzung der Kommentarfunktion), werden diese Daten zu Ihrem Facebook-Account \u00fcbertragen und ver\u00f6ffentlicht. Dies k\u00f6nnen Sie nur durch vorheriges Ausloggen aus Ihrem Facebook-Account umgehen.<\/p>\n<p>Weitere Information bez\u00fcglich der Datennutzung durch Facebook entnehmen Sie bitte den datenschutzrechtlichen Bestimmungen auf Facebook unter <a href=\"http:\/\/de-de.facebook.com\/policy.php\" rel=\"nofollow\"><span style=\"text-decoration: underline;\"><span style=\"color: #0066cc;\">http:\/\/de-de.facebook.com\/policy.php<\/span><\/span><\/a>.<\/p>\n<p><strong>Datenschutzerkl\u00e4rung f\u00fcr den Webanalysedienst Google Analytics<\/strong><\/p>\n<p>Diese Website benutzt Google Analytics, einen Webanalysedienst der Google Inc. (&#8222;Google&#8220;). Google Analytics verwendet sog. &#8222;Cookies&#8220;, Textdateien, die auf Ihrem Computer gespeichert werden und die eine Analyse der Benutzung der Website durch Sie erm\u00f6glichen. Die durch den Cookie erzeugten Informationen \u00fcber Ihre Benutzung dieser Website werden in der Regel an einen Server von Google in den USA \u00fcbertragen und dort gespeichert. Wir haben die IP-Anonymisierung aktiviert. Auf dieser Webseite wird Ihre IP-Adresse von Google daher innerhalb von Mitgliedstaaten der Europ\u00e4ischen Union oder in anderen Vertragsstaaten des Abkommens \u00fcber den Europ\u00e4ischen Wirtschaftsraum zuvor gek\u00fcrzt. Nur in Ausnahmef\u00e4llen wird die volle IP-Adresse an einen Server von Google in den USA \u00fcbertragen und dort gek\u00fcrzt. Im Auftrag des Betreibers dieser Website wird Google diese Informationen benutzen, um Ihre Nutzung der Website auszuwerten, um Reports \u00fcber die Websiteaktivit\u00e4ten zusammenzustellen und um weitere mit der Websitenutzung und der Internetnutzung verbundene Dienstleistungen gegen\u00fcber dem Websitebetreiber zu erbringen. Die im Rahmen von Google Analytics von Ihrem Browser \u00fcbermittelte IP-Adresse wird nicht mit anderen Daten von Google zusammengef\u00fchrt. Sie k\u00f6nnen die Speicherung der Cookies durch eine entsprechende Einstellung Ihrer Browser-Software verhindern; wir weisen Sie jedoch darauf hin, dass Sie in diesem Fall gegebenenfalls nicht s\u00e4mtliche Funktionen dieser Website vollumf\u00e4nglich werden nutzen k\u00f6nnen. Sie k\u00f6nnen dar\u00fcber hinaus die Erfassung der durch das Cookie erzeugten und auf Ihre Nutzung der Website bezogenen Daten (inkl. Ihrer IP-Adresse) an Google sowie die Verarbeitung dieser Daten durch Google verhindern, indem sie das unter dem folgenden Link verf\u00fcgbare Browser-Plugin herunterladen und installieren: <a href=\"http:\/\/tools.google.com\/dlpage\/gaoptout?hl=de\" rel=\"nofollow\"><span style=\"text-decoration: underline;\"><span style=\"color: #0066cc;\">http:\/\/tools.google.com\/dlpage\/gaoptout?hl=de<\/span><\/span><\/a><\/p>\n<p><strong>Datenschutzerkl\u00e4rung f\u00fcr die Nutzung von dem Webmessagedienst twitter.com<\/strong><\/p>\n<p>Wir haben auf unserer Webseite auch den Webmessagedienst twitter.com integriert. Dieser wird durch die Twitter Inc., 1355 Market St, Suite 900, San Francisco, CA 94103, USA bereitgestellt. Twitter bietet die sog. \u201eTweet\u201c \u2013 Funktion an. Damit kann man 140 Zeichen lange Nachrichten auch mit Webseitenlinks in seinem eigenen Twitteraccount ver\u00f6ffentlichen. Wenn Sie die \u201eTweet\u201c-Funktion von Twitter auf unseren Webseiten nutzen, wird die jeweilige Webseite mit Ihrem Account auf Twitter verkn\u00fcpft und dort ggf. \u00f6ffentlich bekannt gegeben. Hierbei werden auch Daten an Twitter \u00fcbertragen.<\/p>\n<p>Von dem Inhalt der \u00fcbermittelten Daten und deren Nutzung durch Twitter erhalten wir keine Kenntnis. Konsultieren Sie daher f\u00fcr weitere Informationen die Datenschutzerkl\u00e4rung von Twitter: <a href=\"http:\/\/twitter.com\/privacy\" rel=\"nofollow\"><span style=\"text-decoration: underline;\"><span style=\"color: #0066cc;\">http:\/\/twitter.com\/privacy<\/span><\/span><\/a><\/p>\n<p>Twitter bietet Ihnen unter nachfolgendem Link die M\u00f6glichkeit, Ihre Datenschutzeinstellungen selbst festzulegen: <a href=\"http:\/\/twitter.com\/account\/settings\" rel=\"nofollow\"><span style=\"text-decoration: underline;\"><span style=\"color: #0066cc;\">http:\/\/twitter.com\/account\/settings<\/span><\/span><\/a>.<\/p>\n<p><strong>Auskunftsrecht<\/strong><br \/>\nSie haben das jederzeitige Recht, sich unentgeltlich und unverz\u00fcglich \u00fcber die zu Ihrer Person erhobenen Daten zu erkundigen. Sie haben das jederzeitige Recht, Ihre Zustimmung zur Verwendung Ihrer angegeben pers\u00f6nlichen Daten mit Wirkung f\u00fcr die Zukunft zu widerrufen. Zur Auskunftserteilung wenden Sie sich bitte an den Anbieter unter den Kontaktdaten im Impressum.<\/p>\n","protected":false},"excerpt":{"rendered":"<p>Impressum Thomas H\u00f6lting Gehrenbachstra\u00dfe 9 58239 Schwerte Telefon: 01758247755 E-Mail: info@ikma.de Verantwortlich f\u00fcr den Inhalt (gem. \u00a7 55 Abs. 2 RStV): Thomas H\u00f6lting, Gehrenbachstra\u00dfe 9,\u00a0 58239 Schwerte Disclaimer \u2013 rechtliche Hinweise \u00a7 1 Haftungsbeschr\u00e4nkung Die Inhalte dieser Website werden mit &hellip; <a href=\"https:\/\/ikma.de\/?page_id=103\">Weiterlesen <span class=\"meta-nav\">&rarr;<\/span><\/a><\/p>\n","protected":false},"author":1,"featured_media":0,"parent":0,"menu_order":0,"comment_status":"closed","ping_status":"closed","template":"","meta":{"footnotes":""},"class_list":["post-103","page","type-page","status-publish","hentry"],"_links":{"self":[{"href":"https:\/\/ikma.de\/index.php?rest_route=\/wp\/v2\/pages\/103","targetHints":{"allow":["GET"]}}],"collection":[{"href":"https:\/\/ikma.de\/index.php?rest_route=\/wp\/v2\/pages"}],"about":[{"href":"https:\/\/ikma.de\/index.php?rest_route=\/wp\/v2\/types\/page"}],"author":[{"embeddable":true,"href":"https:\/\/ikma.de\/index.php?rest_route=\/wp\/v2\/users\/1"}],"replies":[{"embeddable":true,"href":"https:\/\/ikma.de\/index.php?rest_route=%2Fwp%2Fv2%2Fcomments&post=103"}],"version-history":[{"count":6,"href":"https:\/\/ikma.de\/index.php?rest_route=\/wp\/v2\/pages\/103\/revisions"}],"predecessor-version":[{"id":200,"href":"https:\/\/ikma.de\/index.php?rest_route=\/wp\/v2\/pages\/103\/revisions\/200"}],"wp:attachment":[{"href":"https:\/\/ikma.de\/index.php?rest_route=%2Fwp%2Fv2%2Fmedia&parent=103"}],"curies":[{"name":"wp","href":"https:\/\/api.w.org\/{rel}","templated":true}]}}